{"id":47,"date":"2025-09-20T10:57:31","date_gmt":"2025-09-20T10:57:31","guid":{"rendered":"https:\/\/diyetteyizistanbul.com\/?page_id=47"},"modified":"2025-09-20T18:40:04","modified_gmt":"2025-09-20T18:40:04","slug":"online-beslenme-danismanligi","status":"publish","type":"page","link":"https:\/\/diyetteyizistanbul.com\/index.php\/online-beslenme-danismanligi\/","title":{"rendered":"Online Beslenme Dan\u0131\u015fmanl\u0131\u011f\u0131"},"content":{"rendered":"\n<div class=\"wp-block-columns is-layout-flex wp-container-core-columns-is-layout-28f84493 wp-block-columns-is-layout-flex\">\n<div class=\"wp-block-column is-layout-flow wp-block-column-is-layout-flow\"><\/div>\n\n\n\n<div class=\"wp-block-column is-layout-flow wp-block-column-is-layout-flow\"><\/div>\n<\/div>\n\n\n\n<div class=\"wp-block-columns is-layout-flex wp-container-core-columns-is-layout-28f84493 wp-block-columns-is-layout-flex\">\n<div class=\"wp-block-column is-layout-flow wp-block-column-is-layout-flow\" style=\"flex-basis:33.33%\">\n<div class=\"wp-block-buttons is-layout-flex wp-block-buttons-is-layout-flex\">\n<div class=\"wp-block-button\"><a class=\"wp-block-button__link wp-element-button\" href=\"https:\/\/diyetteyizistanbul.com\/index.php\/online-beslenme-danismanligi\/\">Online Beslenme Dan\u0131\u015fmanl\u0131\u011f\u0131                            <\/a><\/div>\n\n\n\n<div class=\"wp-block-button\"><a class=\"wp-block-button__link wp-element-button\" href=\"https:\/\/diyetteyizistanbul.com\/index.php\/sporcu-beslenme-danismanligi\/\">Sporcu Beslenme Dan\u0131\u015fmanl\u0131\u011f\u0131                     <\/a><\/div>\n\n\n\n<div class=\"wp-block-button\"><a class=\"wp-block-button__link wp-element-button\" href=\"https:\/\/diyetteyizistanbul.com\/index.php\/yuz-yuze-beslenme-danismanligi\/\">Y\u00fcz Y\u00fcze Beslenme Dan\u0131\u015fmanl\u0131\u011f\u0131                  <\/a><\/div>\n\n\n\n<div class=\"wp-block-button\"><a class=\"wp-block-button__link has-text-align-left wp-element-button\" href=\"https:\/\/diyetteyizistanbul.com\/index.php\/bagisiklik-guclendirici-beslenme-danismanligi\/\">Ba\u011f\u0131\u015f\u0131kl\u0131k G\u00fc\u00e7lendirici Beslenme Dan\u0131\u015fmanl\u0131\u011f\u0131<\/a><\/div>\n<\/div>\n<\/div>\n\n\n\n<div class=\"wp-block-column is-layout-flow wp-block-column-is-layout-flow\" style=\"flex-basis:66.66%\">\n<figure class=\"wp-block-image size-full is-resized\"><img loading=\"lazy\" decoding=\"async\" width=\"626\" height=\"417\" src=\"https:\/\/diyetteyizistanbul.com\/wp-content\/uploads\/2025\/09\/5a65d34287f158676bcdabfcb031442d.jpg\" alt=\"\" class=\"wp-image-65\" style=\"width:768px;height:auto\" srcset=\"https:\/\/diyetteyizistanbul.com\/wp-content\/uploads\/2025\/09\/5a65d34287f158676bcdabfcb031442d.jpg 626w, https:\/\/diyetteyizistanbul.com\/wp-content\/uploads\/2025\/09\/5a65d34287f158676bcdabfcb031442d-300x200.jpg 300w\" sizes=\"auto, (max-width: 626px) 100vw, 626px\" \/><\/figure>\n\n\n\n<p>G\u00fcn\u00fcm\u00fcz\u00fcn h\u0131zla de\u011fi\u015fen dijital d\u00fcnyas\u0131nda, sa\u011fl\u0131kl\u0131 beslenme yolculu\u011funuz art\u0131k sizin i\u00e7in \u00e7ok daha eri\u015filebilir. Online Beslenme Dan\u0131\u015fmanl\u0131\u011f\u0131, bulundu\u011funuz her yerde yan\u0131n\u0131zda olarak size rehberlik eder.<\/p>\n\n\n\n<p>Yo\u011fun i\u015f temposu, ev hayat\u0131 ya da mesafeler\u2026 T\u00fcm bunlar sa\u011fl\u0131kl\u0131 ya\u015fam hedeflerinizin \u00f6n\u00fcnde engel olmak zorunda de\u011fil. Online dan\u0131\u015fmanl\u0131k, zaman\u0131 ve mesafeyi sorun olmaktan \u00e7\u0131kararak size esnek, pratik ve s\u00fcrd\u00fcr\u00fclebilir bir destek sunar.<\/p>\n\n\n\n<p>Diyet yaparken en \u00e7ok kar\u015f\u0131la\u015f\u0131lan zorluklardan biri, sosyal ortamlarda kendini yaln\u0131z ya da k\u0131s\u0131tlanm\u0131\u015f hissetmektir. Online Beslenme Dan\u0131\u015fmanl\u0131\u011f\u0131 sayesinde, tam da ihtiya\u00e7 duydu\u011funuz anda destek alabilmek m\u00fcmk\u00fcn olur. Bu da hem motivasyonunuzu art\u0131r\u0131r hem de beslenme program\u0131n\u0131za g\u00fcvenle ba\u011fl\u0131 kalman\u0131z\u0131 sa\u011flar.<\/p>\n\n\n\n<p>Defalarca diyete ba\u015flay\u0131p yar\u0131da b\u0131rakm\u0131\u015f olabilirsiniz. Ama unutmay\u0131n, sa\u011fl\u0131kl\u0131 beslenme bir s\u00fcre\u00e7tir ve her ad\u0131m\u0131 de\u011ferlidir. Biz, bu s\u00fcreci sizin i\u00e7in kolayla\u015ft\u0131rmak ve keyifli hale getirmek i\u00e7in buraday\u0131z. Online Beslenme Dan\u0131\u015fmanl\u0131\u011f\u0131 ile hedeflerinize ula\u015f\u0131rken yaln\u0131z hissetmeyecek, her an yan\u0131n\u0131zda g\u00fc\u00e7l\u00fc bir destek oldu\u011funu bileceksiniz.<\/p>\n<\/div>\n<\/div>\n","protected":false},"excerpt":{"rendered":"<p>G\u00fcn\u00fcm\u00fcz\u00fcn h\u0131zla de\u011fi\u015fen dijital d\u00fcnyas\u0131nda, sa\u011fl\u0131kl\u0131 beslenme yolculu\u011funuz art\u0131k sizin i\u00e7in \u00e7ok daha eri\u015filebilir. Online Beslenme Dan\u0131\u015fmanl\u0131\u011f\u0131, bulundu\u011funuz her yerde yan\u0131n\u0131zda olarak size rehberlik eder. Yo\u011fun i\u015f temposu, ev hayat\u0131 ya da mesafeler\u2026 T\u00fcm bunlar sa\u011fl\u0131kl\u0131 ya\u015fam hedeflerinizin \u00f6n\u00fcnde engel olmak zorunda de\u011fil. Online dan\u0131\u015fmanl\u0131k, zaman\u0131 ve mesafeyi sorun olmaktan \u00e7\u0131kararak size esnek, pratik ve [&hellip;]<\/p>\n","protected":false},"author":1,"featured_media":0,"parent":0,"menu_order":0,"comment_status":"closed","ping_status":"closed","template":"","meta":{"footnotes":""},"class_list":["post-47","page","type-page","status-publish","hentry"],"_links":{"self":[{"href":"https:\/\/diyetteyizistanbul.com\/index.php\/wp-json\/wp\/v2\/pages\/47","targetHints":{"allow":["GET"]}}],"collection":[{"href":"https:\/\/diyetteyizistanbul.com\/index.php\/wp-json\/wp\/v2\/pages"}],"about":[{"href":"https:\/\/diyetteyizistanbul.com\/index.php\/wp-json\/wp\/v2\/types\/page"}],"author":[{"embeddable":true,"href":"https:\/\/diyetteyizistanbul.com\/index.php\/wp-json\/wp\/v2\/users\/1"}],"replies":[{"embeddable":true,"href":"https:\/\/diyetteyizistanbul.com\/index.php\/wp-json\/wp\/v2\/comments?post=47"}],"version-history":[{"count":4,"href":"https:\/\/diyetteyizistanbul.com\/index.php\/wp-json\/wp\/v2\/pages\/47\/revisions"}],"predecessor-version":[{"id":66,"href":"https:\/\/diyetteyizistanbul.com\/index.php\/wp-json\/wp\/v2\/pages\/47\/revisions\/66"}],"wp:attachment":[{"href":"https:\/\/diyetteyizistanbul.com\/index.php\/wp-json\/wp\/v2\/media?parent=47"}],"curies":[{"name":"wp","href":"https:\/\/api.w.org\/{rel}","templated":true}]}}