{"id":52,"date":"2025-09-20T18:22:46","date_gmt":"2025-09-20T18:22:46","guid":{"rendered":"https:\/\/diyetteyizistanbul.com\/?page_id=52"},"modified":"2025-09-20T19:42:18","modified_gmt":"2025-09-20T19:42:18","slug":"sporcu-beslenme-danismanligi","status":"publish","type":"page","link":"https:\/\/diyetteyizistanbul.com\/index.php\/sporcu-beslenme-danismanligi\/","title":{"rendered":"Sporcu Beslenme Dan\u0131\u015fmanl\u0131\u011f\u0131"},"content":{"rendered":"\n<div class=\"wp-block-columns is-layout-flex wp-container-core-columns-is-layout-28f84493 wp-block-columns-is-layout-flex\">\n<div class=\"wp-block-column is-layout-flow wp-block-column-is-layout-flow\" style=\"flex-basis:33.33%\">\n<div class=\"wp-block-buttons is-layout-flex wp-block-buttons-is-layout-flex\">\n<div class=\"wp-block-button\"><a class=\"wp-block-button__link wp-element-button\" href=\"https:\/\/diyetteyizistanbul.com\/index.php\/sporcu-beslenme-danismanligi\/\">Sporcu Beslenme Dan\u0131\u015fmanl\u0131\u011f\u0131                    <\/a><\/div>\n\n\n\n<div class=\"wp-block-button\"><a class=\"wp-block-button__link wp-element-button\" href=\"https:\/\/diyetteyizistanbul.com\/index.php\/yuz-yuze-beslenme-danismanligi\/\">Y\u00fcz Y\u00fcze Beslenme Dan\u0131\u015fmanl\u0131\u011f\u0131                  <\/a><\/div>\n\n\n\n<div class=\"wp-block-button\"><a class=\"wp-block-button__link wp-element-button\" href=\"https:\/\/diyetteyizistanbul.com\/wp-admin\/post.php?post=52&amp;action=edit\">Sporcu Beslenme Dan\u0131\u015fmanl\u0131\u011f\u0131                     <\/a><\/div>\n\n\n\n<div class=\"wp-block-button\"><a class=\"wp-block-button__link has-text-align-left wp-element-button\" href=\"https:\/\/diyetteyizistanbul.com\/index.php\/bagisiklik-guclendirici-beslenme-danismanligi\/\">Ba\u011f\u0131\u015f\u0131kl\u0131k G\u00fc\u00e7lendirici Beslenme Dan\u0131\u015fmanl\u0131\u011f\u0131<br><\/a><\/div>\n<\/div>\n<\/div>\n\n\n\n<div class=\"wp-block-column is-layout-flow wp-block-column-is-layout-flow\" style=\"flex-basis:66.66%\">\n<figure class=\"wp-block-image size-large is-resized\"><img loading=\"lazy\" decoding=\"async\" width=\"1024\" height=\"930\" src=\"https:\/\/diyetteyizistanbul.com\/wp-content\/uploads\/2025\/09\/0b1571dd41a807a5f21e21aa0a273b53-e1758392545754-1024x930.jpg\" alt=\"\" class=\"wp-image-57\" style=\"width:730px;height:auto\" srcset=\"https:\/\/diyetteyizistanbul.com\/wp-content\/uploads\/2025\/09\/0b1571dd41a807a5f21e21aa0a273b53-e1758392545754-1024x930.jpg 1024w, https:\/\/diyetteyizistanbul.com\/wp-content\/uploads\/2025\/09\/0b1571dd41a807a5f21e21aa0a273b53-e1758392545754-300x273.jpg 300w, https:\/\/diyetteyizistanbul.com\/wp-content\/uploads\/2025\/09\/0b1571dd41a807a5f21e21aa0a273b53-e1758392545754-768x698.jpg 768w, https:\/\/diyetteyizistanbul.com\/wp-content\/uploads\/2025\/09\/0b1571dd41a807a5f21e21aa0a273b53-e1758392545754.jpg 1200w\" sizes=\"auto, (max-width: 1024px) 100vw, 1024px\" \/><\/figure>\n\n\n\n<p>Bedenimiz hareket etmek, g\u00fc\u00e7 \u00fcretmek ve performans g\u00f6sterebilmek i\u00e7in enerjiye ihtiya\u00e7 duyar; bu enerjinin kayna\u011f\u0131 ise beslenmedir. Sporcu i\u00e7in ba\u015far\u0131 ve performans, do\u011frudan ald\u0131\u011f\u0131 besinlerle \u015fekillenir.<\/p>\n\n\n\n<p>G\u00fcnl\u00fck ya\u015famsal faaliyetlerde oldu\u011fu gibi, fiziksel aktivite s\u0131ras\u0131nda da v\u00fccut ihtiya\u00e7 duydu\u011fu enerjiyi yiyeceklerden sa\u011flar. Sporcu beslenmesi, bu enerji-besin ili\u015fkisinin en net g\u00f6r\u00fcld\u00fc\u011f\u00fc ve en kritik hale geldi\u011fi aland\u0131r. Profesyonel sporcular, beslenmeyi bir se\u00e7im de\u011fil zorunlu bir strateji olarak g\u00f6r\u00fcrler. Onlar\u0131n yemekle ili\u015fkisi, bir arac\u0131n yak\u0131tla olan ba\u011f\u0131 gibidir: hedef, en do\u011fru yak\u0131tla en y\u00fcksek performans\u0131 elde etmektir.<\/p>\n\n\n\n<p>Sporcular i\u00e7in beslenme yaln\u0131zca keyif ya da sosyal bir etkinlik de\u011fil, ba\u015far\u0131y\u0131 do\u011frudan etkileyen bir fakt\u00f6rd\u00fcr. Bu nedenle d\u00fcnyadaki profesyonel sporcular\u0131n b\u00fcy\u00fck \u00e7o\u011funlu\u011fu beslenme dan\u0131\u015fmanlar\u0131yla \u00e7al\u0131\u015f\u0131r veya bu alanda ciddi bir bilgi birikimine sahiptir. Sporcunun ihtiya\u00e7 duydu\u011fu karbonhidrat, protein ve ya\u011f miktar\u0131; yap\u0131lan spor dal\u0131na, antrenman yo\u011funlu\u011funa ve bireysel hedeflere g\u00f6re titizlikle belirlenmelidir.<\/p>\n\n\n\n<p>Do\u011fru besinlerin do\u011fru zamanda al\u0131nmas\u0131, v\u00fccudu yaln\u0131zca desteklemekle kalmaz; ayn\u0131 zamanda sporcunun dayan\u0131kl\u0131l\u0131\u011f\u0131n\u0131, g\u00fcc\u00fcn\u00fc ve h\u0131z\u0131n\u0131 en \u00fcst seviyeye \u00e7\u0131kar\u0131r. Bu y\u00fczden sporcu beslenmesi, performans\u0131n g\u00f6r\u00fcnmez ama en g\u00fc\u00e7l\u00fc anahtar\u0131d\u0131r.<\/p>\n<\/div>\n<\/div>\n","protected":false},"excerpt":{"rendered":"<p>Bedenimiz hareket etmek, g\u00fc\u00e7 \u00fcretmek ve performans g\u00f6sterebilmek i\u00e7in enerjiye ihtiya\u00e7 duyar; bu enerjinin kayna\u011f\u0131 ise beslenmedir. Sporcu i\u00e7in ba\u015far\u0131 ve performans, do\u011frudan ald\u0131\u011f\u0131 besinlerle \u015fekillenir. G\u00fcnl\u00fck ya\u015famsal faaliyetlerde oldu\u011fu gibi, fiziksel aktivite s\u0131ras\u0131nda da v\u00fccut ihtiya\u00e7 duydu\u011fu enerjiyi yiyeceklerden sa\u011flar. Sporcu beslenmesi, bu enerji-besin ili\u015fkisinin en net g\u00f6r\u00fcld\u00fc\u011f\u00fc ve en kritik hale geldi\u011fi aland\u0131r. [&hellip;]<\/p>\n","protected":false},"author":1,"featured_media":0,"parent":0,"menu_order":0,"comment_status":"closed","ping_status":"closed","template":"","meta":{"footnotes":""},"class_list":["post-52","page","type-page","status-publish","hentry"],"_links":{"self":[{"href":"https:\/\/diyetteyizistanbul.com\/index.php\/wp-json\/wp\/v2\/pages\/52","targetHints":{"allow":["GET"]}}],"collection":[{"href":"https:\/\/diyetteyizistanbul.com\/index.php\/wp-json\/wp\/v2\/pages"}],"about":[{"href":"https:\/\/diyetteyizistanbul.com\/index.php\/wp-json\/wp\/v2\/types\/page"}],"author":[{"embeddable":true,"href":"https:\/\/diyetteyizistanbul.com\/index.php\/wp-json\/wp\/v2\/users\/1"}],"replies":[{"embeddable":true,"href":"https:\/\/diyetteyizistanbul.com\/index.php\/wp-json\/wp\/v2\/comments?post=52"}],"version-history":[{"count":5,"href":"https:\/\/diyetteyizistanbul.com\/index.php\/wp-json\/wp\/v2\/pages\/52\/revisions"}],"predecessor-version":[{"id":72,"href":"https:\/\/diyetteyizistanbul.com\/index.php\/wp-json\/wp\/v2\/pages\/52\/revisions\/72"}],"wp:attachment":[{"href":"https:\/\/diyetteyizistanbul.com\/index.php\/wp-json\/wp\/v2\/media?parent=52"}],"curies":[{"name":"wp","href":"https:\/\/api.w.org\/{rel}","templated":true}]}}