{"id":60,"date":"2025-09-20T18:24:22","date_gmt":"2025-09-20T18:24:22","guid":{"rendered":"https:\/\/diyetteyizistanbul.com\/?page_id=60"},"modified":"2025-09-20T19:33:14","modified_gmt":"2025-09-20T19:33:14","slug":"bagisiklik-guclendirici-beslenme-danismanligi","status":"publish","type":"page","link":"https:\/\/diyetteyizistanbul.com\/index.php\/bagisiklik-guclendirici-beslenme-danismanligi\/","title":{"rendered":"Ba\u011f\u0131\u015f\u0131kl\u0131k G\u00fc\u00e7lendirici Beslenme Dan\u0131\u015fmanl\u0131\u011f\u0131"},"content":{"rendered":"\n<div class=\"wp-block-columns is-layout-flex wp-container-core-columns-is-layout-28f84493 wp-block-columns-is-layout-flex\">\n<div class=\"wp-block-column is-layout-flow wp-block-column-is-layout-flow\" style=\"flex-basis:33.33%\">\n<div class=\"wp-block-buttons is-layout-flex wp-block-buttons-is-layout-flex\">\n<div class=\"wp-block-button\"><a class=\"wp-block-button__link wp-element-button\" href=\"https:\/\/diyetteyizistanbul.com\/index.php\/online-beslenme-danismanligi\/\">Online Beslenme Dan\u0131\u015fmanl\u0131\u011f\u0131                               <\/a><\/div>\n\n\n\n<div class=\"wp-block-button\"><a class=\"wp-block-button__link wp-element-button\" href=\"https:\/\/diyetteyizistanbul.com\/index.php\/yuz-yuze-beslenme-danismanligi\/\">Y\u00fcz Y\u00fcze Beslenme Dan\u0131\u015fmanl\u0131\u011f\u0131                             <\/a><\/div>\n\n\n\n<div class=\"wp-block-button\"><a class=\"wp-block-button__link wp-element-button\" href=\"https:\/\/diyetteyizistanbul.com\/wp-admin\/post.php?post=52&amp;action=edit\">Sporcu Beslenme Dan\u0131\u015fmanl\u0131\u011f\u0131                        <\/a><\/div>\n\n\n\n<div class=\"wp-block-button\"><a class=\"wp-block-button__link has-text-align-left wp-element-button\" href=\"https:\/\/diyetteyizistanbul.com\/index.php\/bagisiklik-guclendirici-beslenme-danismanligi\/\">Ba\u011f\u0131\u015f\u0131kl\u0131k G\u00fc\u00e7lendirici Beslenme Dan\u0131\u015fmanl\u0131\u011f\u0131<br><\/a><\/div>\n<\/div>\n<\/div>\n\n\n\n<div class=\"wp-block-column is-layout-flow wp-block-column-is-layout-flow\" style=\"flex-basis:66.66%\">\n<p><img loading=\"lazy\" decoding=\"async\" width=\"750\" height=\"750\" class=\"wp-image-53\" style=\"width: 750px;\" src=\"https:\/\/diyetteyizistanbul.com\/wp-content\/uploads\/2025\/09\/bf14eecd17389766d8a9b46d7b101bf2.jpg\" alt=\"\" srcset=\"https:\/\/diyetteyizistanbul.com\/wp-content\/uploads\/2025\/09\/bf14eecd17389766d8a9b46d7b101bf2.jpg 1000w, https:\/\/diyetteyizistanbul.com\/wp-content\/uploads\/2025\/09\/bf14eecd17389766d8a9b46d7b101bf2-300x300.jpg 300w, https:\/\/diyetteyizistanbul.com\/wp-content\/uploads\/2025\/09\/bf14eecd17389766d8a9b46d7b101bf2-150x150.jpg 150w, https:\/\/diyetteyizistanbul.com\/wp-content\/uploads\/2025\/09\/bf14eecd17389766d8a9b46d7b101bf2-768x768.jpg 768w\" sizes=\"auto, (max-width: 750px) 100vw, 750px\" \/>Do\u011fru beslenme plan\u0131 ile hem fazla kilolar\u0131n\u0131zdan kurtulabilir hem de ba\u011f\u0131\u015f\u0131kl\u0131k sisteminizi g\u00fc\u00e7lendirerek hastal\u0131klara kar\u015f\u0131 daha diren\u00e7li bir v\u00fccuda sahip olabilirsiniz.<\/p>\n\n\n\n<p>Toplumda yayg\u0131n olmasa da, diyet yapman\u0131n ba\u011f\u0131\u015f\u0131kl\u0131\u011f\u0131 zay\u0131flataca\u011f\u0131na dair yanl\u0131\u015f bir inan\u0131\u015f vard\u0131r. Oysa pandemi s\u00fcreci bize g\u00f6sterdi ki, fazla kilo ba\u011f\u0131\u015f\u0131kl\u0131k sisteminin en b\u00fcy\u00fck d\u00fc\u015fmanlar\u0131ndan biridir. \u201cCan bo\u011fazdan gelir\u201d anlay\u0131\u015f\u0131yla \u00e7ok yemenin koruyucu olaca\u011f\u0131 d\u00fc\u015f\u00fcn\u00fclse de, sonu\u00e7 her zaman fazla kiloya ve sa\u011fl\u0131k sorunlar\u0131na \u00e7\u0131kar.<\/p>\n\n\n\n<p>Yeme al\u0131\u015fkanl\u0131klar\u0131m\u0131z, k\u00fclt\u00fcr\u00fcm\u00fcz\u00fcn en g\u00fc\u00e7l\u00fc par\u00e7alar\u0131ndan biridir. \u0130kram\u0131 reddedememek, misafire sevgiyi sofradaki yemek \u00e7e\u015fitlili\u011fiyle g\u00f6stermek ya da \u201ctabaktaki yeme\u011fi bitirme\u201d al\u0131\u015fkanl\u0131\u011f\u0131, sa\u011fl\u0131kl\u0131 beslenmenin \u00f6n\u00fcnde g\u00f6r\u00fcnmez engeller olu\u015fturur. Bunun yan\u0131nda, \u201chastaya \u00e7orba\u201d gelene\u011fi gibi \u015fifac\u0131 yakla\u015f\u0131m da k\u00fclt\u00fcr\u00fcm\u00fcz\u00fcn pozitif y\u00f6nlerinden biridir.<\/p>\n\n\n\n<p>Ba\u011f\u0131\u015f\u0131kl\u0131k g\u00fc\u00e7lendirici beslenme dan\u0131\u015fmanl\u0131\u011f\u0131, tam da bu noktada devreye girer. Kilo kayb\u0131n\u0131 g\u00fcvenli \u015fekilde desteklerken, ba\u011f\u0131\u015f\u0131kl\u0131k sisteminizi de g\u00fc\u00e7lendirecek ki\u015fiye \u00f6zel programlar sunar. B\u00f6ylece hem daha sa\u011fl\u0131kl\u0131 hem de daha g\u00fc\u00e7l\u00fc bir bedene ad\u0131m atabilirsiniz.<\/p>\n\n\n\n<p><\/p>\n\n\n\n<p><\/p>\n\n\n\n<p><\/p>\n<\/div>\n<\/div>\n","protected":false},"excerpt":{"rendered":"<p>Do\u011fru beslenme plan\u0131 ile hem fazla kilolar\u0131n\u0131zdan kurtulabilir hem de ba\u011f\u0131\u015f\u0131kl\u0131k sisteminizi g\u00fc\u00e7lendirerek hastal\u0131klara kar\u015f\u0131 daha diren\u00e7li bir v\u00fccuda sahip olabilirsiniz. Toplumda yayg\u0131n olmasa da, diyet yapman\u0131n ba\u011f\u0131\u015f\u0131kl\u0131\u011f\u0131 zay\u0131flataca\u011f\u0131na dair yanl\u0131\u015f bir inan\u0131\u015f vard\u0131r. Oysa pandemi s\u00fcreci bize g\u00f6sterdi ki, fazla kilo ba\u011f\u0131\u015f\u0131kl\u0131k sisteminin en b\u00fcy\u00fck d\u00fc\u015fmanlar\u0131ndan biridir. \u201cCan bo\u011fazdan gelir\u201d anlay\u0131\u015f\u0131yla \u00e7ok yemenin koruyucu [&hellip;]<\/p>\n","protected":false},"author":1,"featured_media":0,"parent":0,"menu_order":0,"comment_status":"closed","ping_status":"closed","template":"","meta":{"footnotes":""},"class_list":["post-60","page","type-page","status-publish","hentry"],"_links":{"self":[{"href":"https:\/\/diyetteyizistanbul.com\/index.php\/wp-json\/wp\/v2\/pages\/60","targetHints":{"allow":["GET"]}}],"collection":[{"href":"https:\/\/diyetteyizistanbul.com\/index.php\/wp-json\/wp\/v2\/pages"}],"about":[{"href":"https:\/\/diyetteyizistanbul.com\/index.php\/wp-json\/wp\/v2\/types\/page"}],"author":[{"embeddable":true,"href":"https:\/\/diyetteyizistanbul.com\/index.php\/wp-json\/wp\/v2\/users\/1"}],"replies":[{"embeddable":true,"href":"https:\/\/diyetteyizistanbul.com\/index.php\/wp-json\/wp\/v2\/comments?post=60"}],"version-history":[{"count":4,"href":"https:\/\/diyetteyizistanbul.com\/index.php\/wp-json\/wp\/v2\/pages\/60\/revisions"}],"predecessor-version":[{"id":70,"href":"https:\/\/diyetteyizistanbul.com\/index.php\/wp-json\/wp\/v2\/pages\/60\/revisions\/70"}],"wp:attachment":[{"href":"https:\/\/diyetteyizistanbul.com\/index.php\/wp-json\/wp\/v2\/media?parent=60"}],"curies":[{"name":"wp","href":"https:\/\/api.w.org\/{rel}","templated":true}]}}